{"id":1093,"date":"2020-01-26T13:02:30","date_gmt":"2020-01-26T13:02:30","guid":{"rendered":"https:\/\/synetikergocare.com\/privacy-policy\/"},"modified":"2020-06-18T11:03:22","modified_gmt":"2020-06-18T11:03:22","slug":"privacy-policy","status":"publish","type":"page","link":"https:\/\/synetikergocare.com\/fr\/privacy-policy\/","title":{"rendered":"Politique de confidentialit\u00e9"},"content":{"rendered":"<p>Cette politique de confidentialit\u00e9 (\u00ab\u00a0Politique\u00a0\u00bb) d\u00e9crit comment Synetik Group Inc (\u00ab\u00a0Synetik Group Inc\u00a0\u00bb, \u00ab\u00a0nous\u00a0\u00bb, \u00ab\u00a0nos\u00a0\u00bb ou \u00ab\u00a0nos\u00a0\u00bb) recueille, prot\u00e8ge et utilise les informations personnelles identifiables (\u00ab\u00a0Informations personnelles\u00a0\u00bb) que vous (\u00a0\u00bb L&rsquo;utilisateur \u00ab\u00a0,\u00a0\u00bb vous \u00ab\u00a0ou\u00a0\u00bb votre \u00ab\u00a0) peut fournir sur le <a href=\"https:\/\/synetikergocare.com\" target=\"_blank\" rel=\"nofollow noopener noreferrer\"> synetikergocare.com <\/a> et l&rsquo;un de ses produits ou services (collectivement, \u00ab\u00a0Site Web\u00a0\u00bb ou \u00ab\u00a0Services\u00a0\u00bb). Il d\u00e9crit \u00e9galement les choix qui s&rsquo;offrent \u00e0 vous concernant notre utilisation de vos Informations personnelles et comment vous pouvez acc\u00e9der et mettre \u00e0 jour ces informations. Cette politique ne s&rsquo;applique pas aux pratiques des entreprises que nous ne poss\u00e9dons pas ou ne contr\u00f4lons pas, ni aux individus que nous n&#8217;employons ni ne g\u00e9rons.<\/p>\n<h2>Collecte automatique d&rsquo;informations<\/h2>\n<p>Lorsque vous visitez le site Web, nos serveurs enregistrent automatiquement les informations que votre navigateur envoie. Ces donn\u00e9es peuvent inclure des informations telles que l&rsquo;adresse IP de votre appareil, le type et la version du navigateur, le type et la version du syst\u00e8me d&rsquo;exploitation, les pr\u00e9f\u00e9rences linguistiques ou la page Web que vous visitiez avant de visiter notre site Web, les pages de notre site Web que vous visitez, le temps pass\u00e9 ces pages, les informations que vous recherchez sur notre site Web, les heures et dates d&rsquo;acc\u00e8s et d&rsquo;autres statistiques. Les informations collect\u00e9es automatiquement sont utilis\u00e9es uniquement pour identifier les cas potentiels d&rsquo;abus et \u00e9tablir des informations statistiques concernant l&rsquo;utilisation du site Web. Ces informations statistiques ne sont pas autrement agr\u00e9g\u00e9es de mani\u00e8re \u00e0 identifier un utilisateur particulier du syst\u00e8me.<\/p>\n<h2>Collecte d&rsquo;informations personnelles<\/h2>\n<p>Vous pouvez visiter le site Web sans nous dire qui vous \u00eates ni r\u00e9v\u00e9ler aucune information par laquelle quelqu&rsquo;un pourrait vous identifier en tant qu&rsquo;individu sp\u00e9cifique et identifiable. Si, toutefois, vous souhaitez utiliser certaines des fonctionnalit\u00e9s du site Web, il vous sera demand\u00e9 de fournir certaines informations personnelles (par exemple, votre nom et votre adresse e-mail). Nous recevons et stockons toute information que vous nous fournissez sciemment lorsque vous remplissez des formulaires en ligne sur le site Web. Si n\u00e9cessaire, ces informations peuvent inclure les \u00e9l\u00e9ments suivants:<\/p>\n<ul>\n<li>Donn\u00e9es personnelles telles que nom, pays de r\u00e9sidence, etc.<\/li>\n<li>Coordonn\u00e9es telles que l&rsquo;adresse e-mail, l&rsquo;adresse, etc.<\/li>\n<\/ul>\n<p>Vous pouvez choisir de ne pas nous fournir vos informations personnelles, mais vous ne pourrez peut-\u00eatre pas profiter de certaines fonctionnalit\u00e9s du site Web. Les utilisateurs qui ne savent pas quelles informations sont obligatoires sont invit\u00e9s \u00e0 nous contacter.<\/p>\n<h2>Stockage d&rsquo;informations personnelles<\/h2>\n<p>Nous conserverons et utiliserons vos informations personnelles pendant la p\u00e9riode n\u00e9cessaire pour nous conformer \u00e0 nos obligations l\u00e9gales, r\u00e9soudre les litiges et faire respecter nos accords, sauf si une p\u00e9riode de conservation plus longue est requise ou autoris\u00e9e par la loi. Nous pouvons utiliser toutes les donn\u00e9es agr\u00e9g\u00e9es d\u00e9riv\u00e9es ou incorporant vos informations personnelles apr\u00e8s les avoir mises \u00e0 jour ou supprim\u00e9es, mais pas d&rsquo;une mani\u00e8re qui vous identifierait personnellement. Une fois la p\u00e9riode de conservation expir\u00e9e, les informations personnelles seront supprim\u00e9es. Par cons\u00e9quent, le droit d&rsquo;acc\u00e8s, le droit \u00e0 l&rsquo;effacement, le droit \u00e0 la rectification et le droit \u00e0 la portabilit\u00e9 des donn\u00e9es ne peuvent \u00eatre appliqu\u00e9s apr\u00e8s l&rsquo;expiration de la p\u00e9riode de conservation.<\/p>\n<h2>Utilisation et traitement des informations collect\u00e9es<\/h2>\n<p>Afin de mettre notre site Web et nos services \u00e0 votre disposition ou pour r\u00e9pondre \u00e0 une obligation l\u00e9gale, nous devons collecter et utiliser certaines informations personnelles. Si vous ne fournissez pas les informations que nous demandons, il se peut que nous ne puissions pas vous fournir les produits ou services demand\u00e9s. Certaines des informations que nous collectons proviennent directement de vous via notre site Web. Cependant, nous pouvons \u00e9galement collecter des informations personnelles vous concernant \u00e0 partir d&rsquo;autres sources. Toutes les informations que nous recueillons aupr\u00e8s de vous peuvent \u00eatre utilis\u00e9es aux fins suivantes:<\/p>\n<ul>\n<li>Am\u00e9liorer les produits et services<\/li>\n<li>Envoyer des communications marketing et promotionnelles<\/li>\n<li>Am\u00e9liorez l&rsquo;exp\u00e9rience utilisateur<\/li>\n<li>Diffuser des publicit\u00e9s cibl\u00e9es<\/li>\n<li>Ex\u00e9cutez et exploitez notre site Web et nos services<\/li>\n<\/ul>\n<p>Le traitement de vos informations personnelles d\u00e9pend de la fa\u00e7on dont vous interagissez avec notre site Web, o\u00f9 vous vous trouvez dans le monde et si l&rsquo;une des conditions suivantes s&rsquo;applique:<\/p>\n<p>(i) Vous avez donn\u00e9 votre consentement \u00e0 une ou plusieurs fins sp\u00e9cifiques. Cela, cependant, ne s&rsquo;applique pas, chaque fois que le traitement des informations personnelles est soumis \u00e0 la loi californienne sur la confidentialit\u00e9 des consommateurs ou \u00e0 la loi europ\u00e9enne sur la protection des donn\u00e9es;<\/p>\n<p>(ii) La fourniture d&rsquo;informations est n\u00e9cessaire pour l&rsquo;ex\u00e9cution d&rsquo;un accord avec vous et \/ ou pour toute obligation pr\u00e9contractuelle de celui-ci;<\/p>\n<p>(iii) Le traitement est n\u00e9cessaire au respect d&rsquo;une obligation l\u00e9gale \u00e0 laquelle vous \u00eates soumis;<\/p>\n<p>(iv) Le traitement est li\u00e9 \u00e0 une t\u00e2che qui est effectu\u00e9e dans l&rsquo;int\u00e9r\u00eat public ou dans l&rsquo;exercice de l&rsquo;autorit\u00e9 publique qui nous est confi\u00e9e;<\/p>\n<p>(v) Le traitement est n\u00e9cessaire aux fins des int\u00e9r\u00eats l\u00e9gitimes poursuivis par nous ou par un tiers. Veuillez noter qu&rsquo;en vertu de certaines l\u00e9gislations, nous pouvons \u00eatre autoris\u00e9s \u00e0 traiter des informations jusqu&rsquo;\u00e0 ce que vous vous opposiez \u00e0 un tel traitement (en vous d\u00e9sengageant), sans avoir \u00e0 vous fier au consentement ou \u00e0 toute autre base juridique ci-dessous. Dans tous les cas, nous serons heureux de clarifier la base juridique sp\u00e9cifique qui s&rsquo;applique au traitement, et en particulier si la fourniture d&rsquo;informations personnelles est une exigence l\u00e9gale ou contractuelle, ou une exigence n\u00e9cessaire pour conclure un contrat.<\/p>\n<h2>Transfert et stockage d&rsquo;informations<\/h2>\n<p>Selon votre emplacement, les transferts de donn\u00e9es peuvent impliquer le transfert et le stockage de vos informations dans un pays autre que le v\u00f4tre. Vous avez le droit de conna\u00eetre la base juridique des transferts d&rsquo;informations vers un pays hors de l&rsquo;Union europ\u00e9enne ou vers toute organisation internationale r\u00e9gie par le droit international public ou mise en place par deux ou plusieurs pays, tels que l&rsquo;ONU, et sur les mesures de s\u00e9curit\u00e9 prises par nous pour prot\u00e9ger vos informations. Si un tel transfert a lieu, vous pouvez en savoir plus en consultant les sections pertinentes de ce document ou en vous renseignant aupr\u00e8s de nous en utilisant les informations fournies dans la section contact.<\/p>\n<h2>Les droits des utilisateurs<\/h2>\n<p>Vous pouvez exercer certains droits concernant vos informations trait\u00e9es par nous. En particulier, vous avez le droit de faire ce qui suit: (i) vous avez le droit de retirer votre consentement lorsque vous avez pr\u00e9alablement donn\u00e9 votre consentement au traitement de vos informations; (ii) vous avez le droit de vous opposer au traitement de vos informations si le traitement est effectu\u00e9 sur une base juridique autre que le consentement; (iii) vous avez le droit de savoir si nous traitons des informations, d&rsquo;obtenir une divulgation concernant certains aspects du traitement et d&rsquo;obtenir une copie des informations en cours de traitement; (iv) vous avez le droit de v\u00e9rifier l&rsquo;exactitude de vos informations et de demander qu&rsquo;elles soient mises \u00e0 jour ou corrig\u00e9es; (v) vous avez le droit, dans certaines circonstances, de restreindre le traitement de vos informations, auquel cas nous ne traiterons pas vos informations \u00e0 d&rsquo;autres fins que leur stockage; (vi) vous avez le droit, dans certaines circonstances, d&rsquo;obtenir l&rsquo;effacement de vos informations personnelles de notre part; (vii) vous avez le droit de recevoir vos informations dans un format structur\u00e9, couramment utilis\u00e9 et lisible par machine et, si cela est techniquement possible, de les transmettre \u00e0 un autre responsable du traitement sans aucune entrave. Cette disposition est applicable \u00e0 condition que vos informations soient trait\u00e9es par des moyens automatis\u00e9s et que le traitement soit bas\u00e9 sur votre consentement, sur un contrat dont vous faites partie ou sur ses obligations pr\u00e9contractuelles.<\/p>\n<h2>Le droit de s&rsquo;opposer au traitement<\/h2>\n<p>Lorsque des Informations personnelles sont trait\u00e9es dans l&rsquo;int\u00e9r\u00eat public, dans l&rsquo;exercice d&rsquo;une autorit\u00e9 officielle qui nous est conf\u00e9r\u00e9e ou aux fins des int\u00e9r\u00eats l\u00e9gitimes que nous poursuivons, vous pouvez vous opposer \u00e0 ce traitement en fournissant un motif li\u00e9 \u00e0 votre situation particuli\u00e8re pour justifier la objection. Vous devez cependant savoir que si vos Informations personnelles sont trait\u00e9es \u00e0 des fins de marketing direct, vous pouvez vous opposer \u00e0 ce traitement \u00e0 tout moment sans fournir de justification. Pour savoir si nous traitons des informations personnelles \u00e0 des fins de marketing direct, vous pouvez vous r\u00e9f\u00e9rer aux sections pertinentes de ce document.<\/p>\n<h2>Comment exercer ces droits<\/h2>\n<p>Toute demande d&rsquo;exercice des droits des utilisateurs peut \u00eatre adress\u00e9e \u00e0 Synetik Group Inc via les coordonn\u00e9es fournies dans ce document. Ces demandes peuvent \u00eatre exerc\u00e9es gratuitement et seront trait\u00e9es par Synetik Group Inc d\u00e8s que possible.<\/p>\n<h2>Droits \u00e0 la confidentialit\u00e9 en Californie<\/h2>\n<p>En plus des droits expliqu\u00e9s dans la pr\u00e9sente politique de confidentialit\u00e9, les r\u00e9sidents de Californie qui fournissent des informations personnelles (telles que d\u00e9finies dans la loi) pour obtenir des produits ou des services \u00e0 usage personnel, familial ou domestique sont autoris\u00e9s \u00e0 demander et \u00e0 obtenir de nous, une fois un calendrier ann\u00e9e, des informations sur les Informations personnelles que nous avons partag\u00e9es, le cas \u00e9ch\u00e9ant, avec d&rsquo;autres entreprises \u00e0 des fins de marketing. Le cas \u00e9ch\u00e9ant, ces informations incluraient les cat\u00e9gories de renseignements personnels et les noms et adresses des entreprises avec lesquelles nous avons partag\u00e9 ces renseignements personnels pour l&rsquo;ann\u00e9e civile pr\u00e9c\u00e9dente (par exemple, les demandes faites dans l&rsquo;ann\u00e9e en cours recevront des informations sur l&rsquo;ann\u00e9e pr\u00e9c\u00e9dente) . Pour obtenir ces informations, veuillez nous contacter.<\/p>\n<h2>Vie priv\u00e9e des enfants<\/h2>\n<p>Nous ne collectons pas sciemment d&rsquo;informations personnelles aupr\u00e8s d&rsquo;enfants de moins de 13 ans. Si vous avez moins de 13 ans, veuillez ne pas soumettre d&rsquo;informations personnelles via notre site Web ou notre service. Nous encourageons les parents et les tuteurs l\u00e9gaux \u00e0 surveiller l&rsquo;utilisation d&rsquo;Internet par leurs enfants et \u00e0 aider \u00e0 faire respecter cette politique en demandant \u00e0 leurs enfants de ne jamais fournir d&rsquo;informations personnelles via notre site Web ou notre service sans leur autorisation. Si vous avez des raisons de croire qu&rsquo;un enfant de moins de 13 ans nous a fourni des informations personnelles via notre site Web ou notre service, veuillez nous contacter. Vous devez \u00e9galement \u00eatre \u00e2g\u00e9 d&rsquo;au moins 16 ans pour consentir au traitement de vos informations personnelles dans votre pays (dans certains pays, nous pouvons autoriser votre parent ou tuteur \u00e0 le faire en votre nom).<\/p>\n<h2>Newsletters<\/h2>\n<p>Nous proposons des newsletters \u00e9lectroniques auxquelles vous pouvez vous abonner volontairement \u00e0 tout moment. Nous nous engageons \u00e0 garder votre adresse e-mail confidentielle et ne divulguerons votre adresse e-mail \u00e0 aucun tiers, sauf dans la mesure autoris\u00e9e dans la section d&rsquo;utilisation et de traitement des informations ou dans le but d&rsquo;utiliser un fournisseur tiers pour envoyer de tels e-mails. Nous conserverons les informations envoy\u00e9es par e-mail conform\u00e9ment aux lois et r\u00e9glementations applicables. Conform\u00e9ment \u00e0 la loi CAN-SPAM, tous les e-mails envoy\u00e9s par nous indiqueront clairement de qui provient l&rsquo;e-mail et fourniront des informations claires sur la mani\u00e8re de contacter l&rsquo;exp\u00e9diteur. Vous pouvez choisir de ne plus recevoir notre newsletter ou nos e-mails marketing en suivant les instructions de d\u00e9sinscription incluses dans ces e-mails ou en nous contactant.<\/p>\n<h2>Cookies<\/h2>\n<p>Le site Web utilise des \u00abcookies\u00bb pour aider \u00e0 personnaliser votre exp\u00e9rience en ligne. Un cookie est un fichier texte qui est plac\u00e9 sur votre disque dur par un serveur de pages Web. Les cookies ne peuvent pas \u00eatre utilis\u00e9s pour ex\u00e9cuter des programmes ou transmettre des virus \u00e0 votre ordinateur. Les cookies vous sont attribu\u00e9s de mani\u00e8re unique et ne peuvent \u00eatre lus que par un serveur Web du domaine qui vous a \u00e9mis le cookie. Nous pouvons utiliser des cookies pour collecter, stocker et suivre des informations \u00e0 des fins statistiques pour faire fonctionner notre site Web et nos services. Vous avez la possibilit\u00e9 d&rsquo;accepter ou de refuser les cookies. La plupart des navigateurs Web acceptent automatiquement les cookies, mais vous pouvez g\u00e9n\u00e9ralement modifier les param\u00e8tres de votre navigateur pour refuser les cookies si vous pr\u00e9f\u00e9rez. Si vous choisissez de refuser les cookies, vous ne pourrez peut-\u00eatre pas profiter pleinement des fonctionnalit\u00e9s du site Web et des services. Pour en savoir plus sur les cookies et comment les g\u00e9rer, visitez <a href=\"https:\/\/www.internetcookies.org\" target=\"_blank\" rel=\"noopener noreferrer\"> internetcookies.org <\/a>. En plus d&rsquo;utiliser les cookies et les technologies connexes d\u00e9crites ci-dessus, nous pouvons \u00e9galement autoriser certaines soci\u00e9t\u00e9s tierces \u00e0 nous aider \u00e0 personnaliser la publicit\u00e9 qui, selon nous, peut int\u00e9resser les utilisateurs et \u00e0 collecter et utiliser d&rsquo;autres donn\u00e9es sur les activit\u00e9s des utilisateurs sur le site Web. Ces soci\u00e9t\u00e9s peuvent diffuser des annonces qui pourraient \u00e9galement placer des cookies et suivre le comportement des utilisateurs.<\/p>\n<h2>Ne pas suivre les signaux<\/h2>\n<p>Certains navigateurs int\u00e8grent une fonction Ne pas suivre qui signale aux sites Web que vous visitez que vous ne souhaitez pas que votre activit\u00e9 en ligne soit suivie. Le suivi n&rsquo;est pas la m\u00eame chose que l&rsquo;utilisation ou la collecte d&rsquo;informations en rapport avec un site Web. \u00c0 ces fins, le suivi fait r\u00e9f\u00e9rence \u00e0 la collecte d&rsquo;informations personnellement identifiables aupr\u00e8s des consommateurs qui utilisent ou visitent un site Web ou un service en ligne lorsqu&rsquo;ils se d\u00e9placent sur diff\u00e9rents sites Web au fil du temps. Notre site Web ne suit pas ses visiteurs au fil du temps et sur les sites Web de tiers. Cependant, certains sites tiers peuvent garder une trace de vos activit\u00e9s de navigation lorsqu&rsquo;ils vous proposent du contenu, ce qui leur permet d&rsquo;adapter ce qu&rsquo;ils vous pr\u00e9sentent.<\/p>\n<h2>Affili\u00e9s<\/h2>\n<p>Nous pouvons divulguer des informations vous concernant \u00e0 nos affili\u00e9s dans le but de pouvoir vous proposer des produits et services connexes ou suppl\u00e9mentaires. Toutes les informations vous concernant que nous fournissons \u00e0 nos affili\u00e9s seront trait\u00e9es par ces affili\u00e9s conform\u00e9ment aux termes de la pr\u00e9sente politique de confidentialit\u00e9.<\/p>\n<h2>Liens vers d&rsquo;autres sites Web<\/h2>\n<p>Notre site Web contient des liens vers d&rsquo;autres sites Web qui ne nous appartiennent ni ne sont contr\u00f4l\u00e9s. Veuillez noter que nous ne sommes pas responsables des pratiques de confidentialit\u00e9 de ces autres sites Web ou tiers. Nous vous encourageons \u00e0 \u00eatre conscient lorsque vous quittez notre site Web et \u00e0 lire les d\u00e9clarations de confidentialit\u00e9 de chaque site Web susceptible de collecter des informations personnelles.<\/p>\n<h2>S\u00e9curit\u00e9 des informations<\/h2>\n<p>Nous s\u00e9curisons les informations que vous fournissez sur des serveurs informatiques dans un environnement contr\u00f4l\u00e9 et s\u00e9curis\u00e9, prot\u00e9g\u00e9 contre tout acc\u00e8s, utilisation ou divulgation non autoris\u00e9s. Nous maintenons des garanties administratives, techniques et physiques raisonnables dans un effort pour nous prot\u00e9ger contre l&rsquo;acc\u00e8s, l&rsquo;utilisation, la modification et la divulgation non autoris\u00e9s des Informations personnelles sous son contr\u00f4le et sa garde. Cependant, aucune transmission de donn\u00e9es sur Internet ou sur un r\u00e9seau sans fil ne peut \u00eatre garantie. Par cons\u00e9quent, alors que nous nous effor\u00e7ons de prot\u00e9ger vos informations personnelles, vous reconnaissez que (i) il existe des limites de s\u00e9curit\u00e9 et de confidentialit\u00e9 d&rsquo;Internet qui \u00e9chappent \u00e0 notre contr\u00f4le; (ii) la s\u00e9curit\u00e9, l&rsquo;int\u00e9grit\u00e9 et la confidentialit\u00e9 de toutes les informations et donn\u00e9es \u00e9chang\u00e9es entre vous et notre site Web ne peuvent \u00eatre garanties; et (iii) ces informations et donn\u00e9es peuvent \u00eatre consult\u00e9es ou falsifi\u00e9es en transit par un tiers, malgr\u00e9 tous les efforts.<\/p>\n<h2>Violation de donn\u00e9es<\/h2>\n<p>Dans le cas o\u00f9 nous deviendrions conscients que la s\u00e9curit\u00e9 du site Web a \u00e9t\u00e9 compromise ou que les informations personnelles des utilisateurs ont \u00e9t\u00e9 divulgu\u00e9es \u00e0 des tiers non li\u00e9s \u00e0 la suite d&rsquo;une activit\u00e9 externe, y compris, mais sans s&rsquo;y limiter, les attaques de s\u00e9curit\u00e9 ou la fraude, nous nous r\u00e9servons le droit de prendre des mesures raisonnablement appropri\u00e9es, y compris, mais sans s&rsquo;y limiter, des enqu\u00eates et des rapports, ainsi que la notification et la coop\u00e9ration avec les autorit\u00e9s r\u00e9pressives En cas de violation de donn\u00e9es, nous ferons des efforts raisonnables pour informer les personnes concern\u00e9es si nous pensons qu&rsquo;il existe un risque raisonnable de pr\u00e9judice pour l&rsquo;utilisateur en raison de la violation ou si un avis est autrement requis par la loi. Lorsque nous le ferons, nous publierons un avis sur le site Web.<\/p>\n<h2>Divulgation l\u00e9gale<\/h2>\n<p>Nous divulguerons toute information que nous collectons, utilisons ou recevons si la loi l&rsquo;exige ou le permet, par exemple pour se conformer \u00e0 une assignation \u00e0 compara\u00eetre ou \u00e0 un processus juridique similaire, et lorsque nous croyons de bonne foi que la divulgation est n\u00e9cessaire pour prot\u00e9ger nos droits, prot\u00e9ger votre s\u00e9curit\u00e9 ou la s\u00e9curit\u00e9 d&rsquo;autrui, enqu\u00eater sur la fraude ou r\u00e9pondre \u00e0 une demande du gouvernement. Dans le cas o\u00f9 nous traverserions une transition commerciale, comme une fusion ou une acquisition par une autre entreprise, ou la vente de tout ou partie de ses actifs, votre compte d&rsquo;utilisateur et vos informations personnelles feront probablement partie des actifs transf\u00e9r\u00e9s.<\/p>\n<h2>Modifications et amendements<\/h2>\n<p>Nous pouvons mettre \u00e0 jour cette politique de confidentialit\u00e9 de temps \u00e0 autre \u00e0 notre discr\u00e9tion et vous informerons de tout changement important dans la fa\u00e7on dont nous traitons les informations personnelles. Lorsque des modifications seront apport\u00e9es, nous r\u00e9viserons la date de mise \u00e0 jour au bas de cette page. Nous pouvons \u00e9galement vous fournir d&rsquo;autres avis \u00e0 notre discr\u00e9tion, par exemple par le biais des coordonn\u00e9es que vous avez fournies. Toute version mise \u00e0 jour de cette politique de confidentialit\u00e9 entrera en vigueur imm\u00e9diatement apr\u00e8s la publication de la politique de confidentialit\u00e9 r\u00e9vis\u00e9e, sauf indication contraire. Votre utilisation continue du site Web ou des services apr\u00e8s la date d&rsquo;entr\u00e9e en vigueur de la politique de confidentialit\u00e9 r\u00e9vis\u00e9e (ou de tout autre acte sp\u00e9cifi\u00e9 \u00e0 ce moment-l\u00e0) constituera votre consentement \u00e0 ces changements. Cependant, nous n&rsquo;utiliserons pas, sans votre consentement, vos donn\u00e9es personnelles d&rsquo;une mani\u00e8re mat\u00e9riellement diff\u00e9rente de ce qui a \u00e9t\u00e9 d\u00e9clar\u00e9 au moment de la collecte de vos donn\u00e9es personnelles.<\/p>\n<h2>Acceptation de cette politique<\/h2>\n<p>Vous reconnaissez que vous avez lu cette politique et acceptez tous ses termes et conditions. En utilisant le site Web ou ses services, vous acceptez d&rsquo;\u00eatre li\u00e9 par cette politique. Si vous n&rsquo;acceptez pas de respecter les termes de cette politique, vous n&rsquo;\u00eates pas autoris\u00e9 \u00e0 utiliser ou acc\u00e9der au site Web et \u00e0 ses services.<\/p>\n<h2>Nous contacter<\/h2>\n<p>Si vous souhaitez nous contacter pour en savoir plus sur cette politique ou si vous souhaitez nous contacter concernant toute question relative aux droits individuels et \u00e0 vos informations personnelles, vous pouvez envoyer un e-mail \u00e0 info@synetikgroup.com. Ce document a \u00e9t\u00e9 mis \u00e0 jour pour la derni\u00e8re fois le 6 mai, 2020<\/p>\n","protected":false},"excerpt":{"rendered":"<p>Cette politique de confidentialit\u00e9 (\u00ab\u00a0Politique\u00a0\u00bb) d\u00e9crit comment Synetik Group Inc (\u00ab\u00a0Synetik Group Inc\u00a0\u00bb, \u00ab\u00a0nous\u00a0\u00bb, \u00ab\u00a0nos\u00a0\u00bb ou \u00ab\u00a0nos\u00a0\u00bb) recueille, prot\u00e8ge et utilise les informations personnelles identifiables (\u00ab\u00a0Informations personnelles\u00a0\u00bb) que vous (\u00a0\u00bb L&rsquo;utilisateur \u00ab\u00a0,\u00a0\u00bb vous \u00ab\u00a0ou\u00a0\u00bb votre\u2026<\/p>\n","protected":false},"author":8833,"featured_media":0,"parent":0,"menu_order":0,"comment_status":"closed","ping_status":"open","template":"","meta":{"_acf_changed":false,"inline_featured_image":false,"footnotes":""},"class_list":["post-1093","page","type-page","status-publish","hentry"],"acf":[],"_links":{"self":[{"href":"https:\/\/synetikergocare.com\/fr\/wp-json\/wp\/v2\/pages\/1093","targetHints":{"allow":["GET"]}}],"collection":[{"href":"https:\/\/synetikergocare.com\/fr\/wp-json\/wp\/v2\/pages"}],"about":[{"href":"https:\/\/synetikergocare.com\/fr\/wp-json\/wp\/v2\/types\/page"}],"author":[{"embeddable":true,"href":"https:\/\/synetikergocare.com\/fr\/wp-json\/wp\/v2\/users\/8833"}],"replies":[{"embeddable":true,"href":"https:\/\/synetikergocare.com\/fr\/wp-json\/wp\/v2\/comments?post=1093"}],"version-history":[{"count":4,"href":"https:\/\/synetikergocare.com\/fr\/wp-json\/wp\/v2\/pages\/1093\/revisions"}],"predecessor-version":[{"id":1707,"href":"https:\/\/synetikergocare.com\/fr\/wp-json\/wp\/v2\/pages\/1093\/revisions\/1707"}],"wp:attachment":[{"href":"https:\/\/synetikergocare.com\/fr\/wp-json\/wp\/v2\/media?parent=1093"}],"curies":[{"name":"wp","href":"https:\/\/api.w.org\/{rel}","templated":true}]}}