{"id":1094,"date":"2020-01-26T14:59:12","date_gmt":"2020-01-26T14:59:12","guid":{"rendered":"https:\/\/synetikergocare.com\/company\/"},"modified":"2025-02-26T16:21:09","modified_gmt":"2025-02-26T16:21:09","slug":"a-propos","status":"publish","type":"page","link":"https:\/\/synetikergocare.com\/fr\/a-propos\/","title":{"rendered":"\u00c0 propos"},"content":{"rendered":"<h1>Optimisation du corps humain<\/h1>\n<div class=\"_max700 mb-100\">\n<p>ErgoCare se d\u00e9finit par trois valeurs fondamentales, provenant de notre d\u00e9sir d&rsquo;optimiser le fonctionnement du corps humain et d\u2019aider les utilisateurs \u00e0 atteindre tout leur potentiel au quotidien. Le corps humain agit \u00e0 titre de puissant \u00e9l\u00e9ment rassembleur.<\/p>\n<\/div>\n","protected":false},"excerpt":{"rendered":"<p>Optimisation du corps humain ErgoCare se d\u00e9finit par trois valeurs fondamentales, provenant de notre d\u00e9sir d&rsquo;optimiser le fonctionnement du corps humain et d\u2019aider les utilisateurs \u00e0 atteindre tout leur potentiel au quotidien. Le corps humain\u2026<\/p>\n","protected":false},"author":8833,"featured_media":0,"parent":0,"menu_order":0,"comment_status":"closed","ping_status":"closed","template":"pge-company.php","meta":{"_acf_changed":false,"inline_featured_image":false,"footnotes":""},"class_list":["post-1094","page","type-page","status-publish","hentry"],"acf":[],"_links":{"self":[{"href":"https:\/\/synetikergocare.com\/fr\/wp-json\/wp\/v2\/pages\/1094","targetHints":{"allow":["GET"]}}],"collection":[{"href":"https:\/\/synetikergocare.com\/fr\/wp-json\/wp\/v2\/pages"}],"about":[{"href":"https:\/\/synetikergocare.com\/fr\/wp-json\/wp\/v2\/types\/page"}],"author":[{"embeddable":true,"href":"https:\/\/synetikergocare.com\/fr\/wp-json\/wp\/v2\/users\/8833"}],"replies":[{"embeddable":true,"href":"https:\/\/synetikergocare.com\/fr\/wp-json\/wp\/v2\/comments?post=1094"}],"version-history":[{"count":7,"href":"https:\/\/synetikergocare.com\/fr\/wp-json\/wp\/v2\/pages\/1094\/revisions"}],"predecessor-version":[{"id":3959,"href":"https:\/\/synetikergocare.com\/fr\/wp-json\/wp\/v2\/pages\/1094\/revisions\/3959"}],"wp:attachment":[{"href":"https:\/\/synetikergocare.com\/fr\/wp-json\/wp\/v2\/media?parent=1094"}],"curies":[{"name":"wp","href":"https:\/\/api.w.org\/{rel}","templated":true}]}}