{"id":1103,"date":"2020-01-27T06:20:13","date_gmt":"2020-01-27T06:20:13","guid":{"rendered":"https:\/\/synetikergocare.com\/events\/"},"modified":"2025-10-20T17:51:24","modified_gmt":"2025-10-20T17:51:24","slug":"events","status":"publish","type":"page","link":"https:\/\/synetikergocare.com\/fr\/events\/","title":{"rendered":"\u00c9v\u00e9nements"},"content":{"rendered":"<p>O\u00f9 nous serons<\/p>\n<h1>\u00c9v\u00e9nements<br \/>\n\u00e0 venir<\/h1>\n","protected":false},"excerpt":{"rendered":"<p>O\u00f9 nous serons \u00c9v\u00e9nements \u00e0 venir<\/p>\n","protected":false},"author":8833,"featured_media":5175,"parent":0,"menu_order":0,"comment_status":"closed","ping_status":"closed","template":"pge-events.php","meta":{"_acf_changed":false,"inline_featured_image":false,"footnotes":""},"class_list":["post-1103","page","type-page","status-publish","has-post-thumbnail","hentry"],"acf":[],"_links":{"self":[{"href":"https:\/\/synetikergocare.com\/fr\/wp-json\/wp\/v2\/pages\/1103","targetHints":{"allow":["GET"]}}],"collection":[{"href":"https:\/\/synetikergocare.com\/fr\/wp-json\/wp\/v2\/pages"}],"about":[{"href":"https:\/\/synetikergocare.com\/fr\/wp-json\/wp\/v2\/types\/page"}],"author":[{"embeddable":true,"href":"https:\/\/synetikergocare.com\/fr\/wp-json\/wp\/v2\/users\/8833"}],"replies":[{"embeddable":true,"href":"https:\/\/synetikergocare.com\/fr\/wp-json\/wp\/v2\/comments?post=1103"}],"version-history":[{"count":4,"href":"https:\/\/synetikergocare.com\/fr\/wp-json\/wp\/v2\/pages\/1103\/revisions"}],"predecessor-version":[{"id":1435,"href":"https:\/\/synetikergocare.com\/fr\/wp-json\/wp\/v2\/pages\/1103\/revisions\/1435"}],"wp:featuredmedia":[{"embeddable":true,"href":"https:\/\/synetikergocare.com\/fr\/wp-json\/wp\/v2\/media\/5175"}],"wp:attachment":[{"href":"https:\/\/synetikergocare.com\/fr\/wp-json\/wp\/v2\/media?parent=1103"}],"curies":[{"name":"wp","href":"https:\/\/api.w.org\/{rel}","templated":true}]}}