{"id":1107,"date":"2020-01-27T08:36:07","date_gmt":"2020-01-27T08:36:07","guid":{"rendered":"https:\/\/synetikergocare.com\/home\/"},"modified":"2025-09-19T12:17:38","modified_gmt":"2025-09-19T12:17:38","slug":"home","status":"publish","type":"page","link":"https:\/\/synetikergocare.com\/fr\/","title":{"rendered":"Accueil"},"content":{"rendered":"<div class=\"row\">\n<div class=\"col-lg-7 my-auto\">\n<h1>Centr\u00e9 sur l\u2019humain, comme toutes les grandes innovations<\/h1>\n<\/div>\n<div class=\"col-lg-5 my-auto\">\n<div class=\"_txt\">\n<p>Chez ErgoCare, nous nous sp\u00e9cialisons dans le d\u00e9veloppement de solutions de mobilit\u00e9 qui am\u00e9liorent la vie quotidienne de notre communaut\u00e9.<\/p>\n<\/div>\n<\/div>\n<\/div>\n","protected":false},"excerpt":{"rendered":"<p>Centr\u00e9 sur l\u2019humain, comme toutes les grandes innovations Chez ErgoCare, nous nous sp\u00e9cialisons dans le d\u00e9veloppement de solutions de mobilit\u00e9 qui am\u00e9liorent la vie quotidienne de notre communaut\u00e9.<\/p>\n","protected":false},"author":8833,"featured_media":3811,"parent":0,"menu_order":0,"comment_status":"closed","ping_status":"closed","template":"pge-home.php","meta":{"_acf_changed":false,"inline_featured_image":false,"footnotes":""},"class_list":["post-1107","page","type-page","status-publish","has-post-thumbnail","hentry"],"acf":[],"_links":{"self":[{"href":"https:\/\/synetikergocare.com\/fr\/wp-json\/wp\/v2\/pages\/1107","targetHints":{"allow":["GET"]}}],"collection":[{"href":"https:\/\/synetikergocare.com\/fr\/wp-json\/wp\/v2\/pages"}],"about":[{"href":"https:\/\/synetikergocare.com\/fr\/wp-json\/wp\/v2\/types\/page"}],"author":[{"embeddable":true,"href":"https:\/\/synetikergocare.com\/fr\/wp-json\/wp\/v2\/users\/8833"}],"replies":[{"embeddable":true,"href":"https:\/\/synetikergocare.com\/fr\/wp-json\/wp\/v2\/comments?post=1107"}],"version-history":[{"count":15,"href":"https:\/\/synetikergocare.com\/fr\/wp-json\/wp\/v2\/pages\/1107\/revisions"}],"predecessor-version":[{"id":5061,"href":"https:\/\/synetikergocare.com\/fr\/wp-json\/wp\/v2\/pages\/1107\/revisions\/5061"}],"wp:featuredmedia":[{"embeddable":true,"href":"https:\/\/synetikergocare.com\/fr\/wp-json\/wp\/v2\/media\/3811"}],"wp:attachment":[{"href":"https:\/\/synetikergocare.com\/fr\/wp-json\/wp\/v2\/media?parent=1107"}],"curies":[{"name":"wp","href":"https:\/\/api.w.org\/{rel}","templated":true}]}}