{"id":1117,"date":"2020-05-07T18:17:57","date_gmt":"2020-05-07T18:17:57","guid":{"rendered":"https:\/\/synetikergocare.com\/terms-conditions\/"},"modified":"2020-06-12T13:17:13","modified_gmt":"2020-06-12T13:17:13","slug":"terms-conditions","status":"publish","type":"page","link":"https:\/\/synetikergocare.com\/fr\/terms-conditions\/","title":{"rendered":"Termes et Conditions"},"content":{"rendered":"<p>Ces termes et conditions (\u00ab\u00a0Termes\u00a0\u00bb, \u00ab\u00a0Accord\u00a0\u00bb) sont un accord entre Synetik Group Inc (\u00ab\u00a0Synetik Group Inc\u00a0\u00bb, \u00ab\u00a0nous\u00a0\u00bb, \u00ab\u00a0nous\u00a0\u00bb ou \u00ab\u00a0nos\u00a0\u00bb) et vous (\u00ab\u00a0Utilisateur\u00a0\u00bb, \u00ab\u00a0vous\u00a0\u00bb ou \u00ab\u00a0votre\u00a0\u00bb). Le pr\u00e9sent accord d\u00e9finit les conditions g\u00e9n\u00e9rales d&rsquo;utilisation de votre site Web <a href=\"https:\/\/synetikergocare.com\" target=\"_blank\" rel=\"nofollow noopener noreferrer\"> synetikergocare.com <\/a> et de tout autre de ses produits ou services (collectivement, \u00ab\u00a0Site Web\u00a0\u00bb ou \u00ab\u00a0Services\u00a0\u00bb).<\/p>\n<h2>Liens vers d&rsquo;autres sites Web<\/h2>\n<p>Bien que ce site Web puisse \u00eatre li\u00e9 \u00e0 d&rsquo;autres sites Web, nous n&rsquo;impliquons, directement ou indirectement, aucune approbation, association, parrainage, approbation ou affiliation \u00e0 un site Web li\u00e9, sauf indication contraire dans les pr\u00e9sentes. Certains des liens sur le site Web peuvent \u00eatre des \u00abliens d&rsquo;affiliation\u00bb. Cela signifie que si vous cliquez sur le lien et achetez un article, Synetik Group Inc recevra une commission d&rsquo;affiliation. Nous ne sommes pas responsables de l&rsquo;examen ou de l&rsquo;\u00e9valuation, et nous ne garantissons pas les offres des entreprises ou des individus ou le contenu de leurs sites Web. Nous n&rsquo;assumons aucune responsabilit\u00e9 pour les actions, produits, services et contenus de tout autre tiers. Vous devez lire attentivement les mentions l\u00e9gales et les autres conditions d&rsquo;utilisation de tout site Web auquel vous acc\u00e9dez via un lien \u00e0 partir de ce site Web. Votre lien vers d&rsquo;autres sites Web hors site est \u00e0 vos propres risques.<\/p>\n<h2>Droits de propri\u00e9t\u00e9 intellectuelle<\/h2>\n<p>Le pr\u00e9sent Accord ne vous transf\u00e8re aucune propri\u00e9t\u00e9 intellectuelle appartenant \u00e0 Synetik Group Inc ou \u00e0 des tiers, et tous les droits, titres et int\u00e9r\u00eats sur et \u00e0 ces propri\u00e9t\u00e9s resteront (entre les parties) uniquement avec Synetik Group Inc. Toutes les marques, les marques de service, les graphiques et les logos utilis\u00e9s en relation avec notre site Web ou nos services sont des marques de commerce ou des marques d\u00e9pos\u00e9es de Synetik Group Inc ou de conc\u00e9dants de licence Synetik Group Inc. Les autres marques de commerce, marques de service, graphiques et logos utilis\u00e9s en relation avec notre site Web ou nos services peuvent \u00eatre des marques de commerce d&rsquo;autres tiers. Votre utilisation de notre site Web et de nos services ne vous conf\u00e8re aucun droit ni licence de reproduire ou d&rsquo;utiliser de quelque mani\u00e8re que ce soit Synetik Group Inc ou des marques de commerce de tiers.<\/p>\n<h2>Exclusion de garantie<\/h2>\n<p>Vous acceptez que votre utilisation de notre site Web ou de nos services soit \u00e0 vos propres risques. Vous acceptez que ce service soit fourni \u00abtel quel\u00bb et \u00abselon la disponibilit\u00e9\u00bb. Nous d\u00e9clinons express\u00e9ment toutes les garanties de toute nature, qu&rsquo;elles soient expresses ou implicites, y compris, mais sans s&rsquo;y limiter, les garanties implicites de qualit\u00e9 marchande, d&rsquo;ad\u00e9quation \u00e0 un usage particulier et de non-contrefa\u00e7on. Nous ne garantissons pas que les Services r\u00e9pondront \u00e0 vos besoins, ou que le Service sera ininterrompu, opportun, s\u00e9curis\u00e9 ou sans erreur; nous ne garantissons pas non plus les r\u00e9sultats qui pourraient \u00eatre obtenus de l&rsquo;utilisation du Service ou l&rsquo;exactitude ou la fiabilit\u00e9 de toute information obtenue par le biais du Service ou que les d\u00e9fauts du Service seront corrig\u00e9s. Vous comprenez et acceptez que tout mat\u00e9riel et \/ ou donn\u00e9es t\u00e9l\u00e9charg\u00e9s ou autrement obtenus par l&rsquo;utilisation du Service est fait \u00e0 votre propre discr\u00e9tion et \u00e0 vos propres risques et que vous serez seul responsable de tout dommage \u00e0 votre syst\u00e8me informatique ou perte de donn\u00e9es r\u00e9sultant de la t\u00e9l\u00e9chargement de ces documents et \/ ou donn\u00e9es. Nous n&rsquo;offrons aucune garantie concernant les biens ou services achet\u00e9s ou obtenus par le biais du Service ou toute transaction conclue par le biais du Service. Aucun conseil ni aucune information, qu&rsquo;ils soient oraux ou \u00e9crits, obtenus par vous de notre part ou par le biais du Service ne cr\u00e9e une garantie non express\u00e9ment \u00e9nonc\u00e9e dans les pr\u00e9sentes.<\/p>\n<h2>Modifications et amendements<\/h2>\n<p>Nous nous r\u00e9servons le droit de modifier le pr\u00e9sent accord ou ses politiques relatives au site Web ou aux services \u00e0 tout moment, \u00e0 compter de la publication d&rsquo;une version mise \u00e0 jour de cet accord sur le site Web. Lorsque nous le ferons, nous publierons une notification sur la page principale de notre site Web. L&rsquo;utilisation continue du site Web apr\u00e8s de tels changements constitue votre consentement \u00e0 ces changements.<\/p>\n<h2>Acceptation de ces conditions<\/h2>\n<p>Vous reconnaissez que vous avez lu le pr\u00e9sent accord et acceptez tous ses termes et conditions. En utilisant le site Web ou ses services, vous acceptez d&rsquo;\u00eatre li\u00e9 par le pr\u00e9sent accord. Si vous n&rsquo;acceptez pas de respecter les termes de cet accord, vous n&rsquo;\u00eates pas autoris\u00e9 \u00e0 utiliser ou acc\u00e9der au site Web et \u00e0 ses services.<\/p>\n<h2>Nous contacter<\/h2>\n<p>Si vous souhaitez nous contacter pour en savoir plus sur cet accord ou si vous souhaitez nous contacter pour toute question s&rsquo;y rapportant, vous pouvez envoyer un e-mail \u00e0 info@synetikgroup.com<\/p>\n<p>Ce document a \u00e9t\u00e9 mis \u00e0 jour pour la derni\u00e8re fois le 6 mai 2020<\/p>\n","protected":false},"excerpt":{"rendered":"<p>Ces termes et conditions (\u00ab\u00a0Termes\u00a0\u00bb, \u00ab\u00a0Accord\u00a0\u00bb) sont un accord entre Synetik Group Inc (\u00ab\u00a0Synetik Group Inc\u00a0\u00bb, \u00ab\u00a0nous\u00a0\u00bb, \u00ab\u00a0nous\u00a0\u00bb ou \u00ab\u00a0nos\u00a0\u00bb) et vous (\u00ab\u00a0Utilisateur\u00a0\u00bb, \u00ab\u00a0vous\u00a0\u00bb ou \u00ab\u00a0votre\u00a0\u00bb). Le pr\u00e9sent accord d\u00e9finit les conditions g\u00e9n\u00e9rales d&rsquo;utilisation de\u2026<\/p>\n","protected":false},"author":8833,"featured_media":0,"parent":0,"menu_order":0,"comment_status":"closed","ping_status":"closed","template":"","meta":{"_acf_changed":false,"inline_featured_image":false,"footnotes":""},"class_list":["post-1117","page","type-page","status-publish","hentry"],"acf":[],"_links":{"self":[{"href":"https:\/\/synetikergocare.com\/fr\/wp-json\/wp\/v2\/pages\/1117","targetHints":{"allow":["GET"]}}],"collection":[{"href":"https:\/\/synetikergocare.com\/fr\/wp-json\/wp\/v2\/pages"}],"about":[{"href":"https:\/\/synetikergocare.com\/fr\/wp-json\/wp\/v2\/types\/page"}],"author":[{"embeddable":true,"href":"https:\/\/synetikergocare.com\/fr\/wp-json\/wp\/v2\/users\/8833"}],"replies":[{"embeddable":true,"href":"https:\/\/synetikergocare.com\/fr\/wp-json\/wp\/v2\/comments?post=1117"}],"version-history":[{"count":2,"href":"https:\/\/synetikergocare.com\/fr\/wp-json\/wp\/v2\/pages\/1117\/revisions"}],"predecessor-version":[{"id":1502,"href":"https:\/\/synetikergocare.com\/fr\/wp-json\/wp\/v2\/pages\/1117\/revisions\/1502"}],"wp:attachment":[{"href":"https:\/\/synetikergocare.com\/fr\/wp-json\/wp\/v2\/media?parent=1117"}],"curies":[{"name":"wp","href":"https:\/\/api.w.org\/{rel}","templated":true}]}}